{"id":4562,"date":"2024-05-27T16:26:36","date_gmt":"2024-05-27T16:26:36","guid":{"rendered":"https:\/\/matconstruct.md\/?post_type=product&#038;p=4562"},"modified":"2026-03-11T13:58:01","modified_gmt":"2026-03-11T11:58:01","slug":"fire-curtain-modular","status":"publish","type":"product","link":"https:\/\/usispeciale.md\/en\/product\/fire-curtain-modular\/","title":{"rendered":"Modular fire curtain (overlapping)."},"content":{"rendered":"<p class=\"p1\"><strong>Protective purpose:<\/strong><\/p>\n<ul class=\"ul1\">\n<li class=\"li2\">Prevention of flame spread to the adjacent sector.<\/li>\n<li class=\"li2\">Fire resistance for 120 minutes at over 1000\u00baC (Integrity).<\/li>\n<li class=\"li2\">Reduction of thermal radiation for 30 minutes.<\/li>\n<li class=\"li2\">Large dimensions, unlimited length and up to 10,000 mm in height.<\/li>\n<\/ul>\n<p class=\"p1\"><strong>Characteristics:<\/strong><\/p>\n<ul class=\"ul1\">\n<li class=\"li2\">The system is made of technical material manufactured from E-glass fiber reinforced with Inconel steel and coated on both sides with a fire-retardant polyurethane-based compound.<\/li>\n<\/ul>\n<p class=\"p1\"><strong>Optional:<\/strong><\/p>\n<ul class=\"ul1\">\n<li class=\"li2\">RAL color of choice.<\/li>\n<li class=\"li2\">Buttons for closing or opening.<\/li>\n<\/ul>\n<p class=\"p1\"><strong>Advantages:<\/strong><\/p>\n<ul class=\"ul1\">\n<li class=\"li2\">Pre-assembled systems.<\/li>\n<li class=\"li2\">Modular configuration with standardized components.<\/li>\n<\/ul>\n<p class=\"p1\"><strong>Technical scheme:<\/strong><\/p>\n<p class=\"p2\">The fire curtain is installed to ensure integrity against flames. It should be taken into account that, in the event of an advanced fire, after 30 minutes (EW-30 classification), elements in the adjacent sector may be affected by the emitted thermal radiation.<\/p>\n<p class=\"p2\">These systems are particularly suitable for outdoor areas or for spaces where there are no flammable elements near the non-exposed side.<\/p>\n<p class=\"p1\"><strong>Housing options (drawer):<\/strong><\/p>\n<ul class=\"ul1\">\n<li class=\"li2\">CDV: vertical housing with front and bottom opening.<\/li>\n<li class=\"li2\">CDH: horizontal housing with bottom opening.<\/li>\n<li class=\"li2\">CDVF: vertical housing with reversed front opening and bottom opening.<\/li>\n<\/ul>","protected":false},"excerpt":{"rendered":"<p>It is a modular (overlapping) fire curtain that maintains its integrity when directly exposed to flames or temperatures above 1000\u00baC for 120 minutes, preventing flames from passing from one sector to another. It is a concealed system designed to prevent the spread of flames between sectors and to limit the spread of fire.<\/p>","protected":false},"featured_media":4555,"comment_status":"open","ping_status":"closed","template":"","meta":[],"product_brand":[],"product_cat":[196],"product_tag":[],"class_list":{"0":"post-4562","1":"product","2":"type-product","3":"status-publish","4":"has-post-thumbnail","6":"product_cat-cortine","8":"first","9":"instock","10":"shipping-taxable","11":"product-type-simple"},"yoast_head":"<!-- This site is optimized with the Yoast SEO plugin v27.1.1 - https:\/\/yoast.com\/product\/yoast-seo-wordpress\/ -->\n<title>Cortin\u0103 antifoc modular\u0103 (suprapus\u0103) - U\u0219i Speciale<\/title>\n<meta name=\"robots\" content=\"index, follow, max-snippet:-1, max-image-preview:large, max-video-preview:-1\" \/>\n<link rel=\"canonical\" href=\"https:\/\/usispeciale.md\/en\/product\/fire-curtain-modular\/\" \/>\n<meta property=\"og:locale\" content=\"en_US\" \/>\n<meta property=\"og:type\" content=\"article\" \/>\n<meta property=\"og:title\" content=\"Cortin\u0103 antifoc modular\u0103 (suprapus\u0103) - U\u0219i Speciale\" \/>\n<meta property=\"og:description\" content=\"Este o cortin\u0103 antifoc modular\u0103 (suprapus\u0103) care \u00ee\u0219i men\u021bine integritatea atunci c\u00e2nd este expus\u0103 direct fl\u0103c\u0103rilor sau la temperaturi de peste 1000\u00baC timp de 120 de minute, prevenind trecerea fl\u0103c\u0103rilor dintr-un sector \u00een altul. Este un sistem invizibil, conceput pentru a \u00eempiedica propagarea fl\u0103c\u0103rilor \u00eentre sectoare \u0219i pentru a limita r\u0103sp\u00e2ndirea incendiului.\" \/>\n<meta property=\"og:url\" content=\"https:\/\/usispeciale.md\/en\/product\/fire-curtain-modular\/\" \/>\n<meta property=\"og:site_name\" content=\"U\u0219i Speciale\" \/>\n<meta property=\"article:modified_time\" content=\"2026-03-11T11:58:01+00:00\" \/>\n<meta property=\"og:image\" content=\"https:\/\/usispeciale.md\/wp-content\/uploads\/2024\/05\/RF-modular-EW-120.jpeg\" \/>\n\t<meta property=\"og:image:width\" content=\"385\" \/>\n\t<meta property=\"og:image:height\" content=\"286\" \/>\n\t<meta property=\"og:image:type\" content=\"image\/jpeg\" \/>\n<meta name=\"twitter:card\" content=\"summary_large_image\" \/>\n<meta name=\"twitter:label1\" content=\"Est. reading time\" \/>\n\t<meta name=\"twitter:data1\" content=\"2 minutes\" \/>\n<script type=\"application\/ld+json\" class=\"yoast-schema-graph\">{\"@context\":\"https:\/\/schema.org\",\"@graph\":[{\"@type\":\"WebPage\",\"@id\":\"https:\/\/usispeciale.md\/product\/fire-curtain-modular\/\",\"url\":\"https:\/\/usispeciale.md\/product\/fire-curtain-modular\/\",\"name\":\"Cortin\u0103 antifoc modular\u0103 (suprapus\u0103) - U\u0219i Speciale\",\"isPartOf\":{\"@id\":\"https:\/\/usispeciale.md\/#website\"},\"primaryImageOfPage\":{\"@id\":\"https:\/\/usispeciale.md\/product\/fire-curtain-modular\/#primaryimage\"},\"image\":{\"@id\":\"https:\/\/usispeciale.md\/product\/fire-curtain-modular\/#primaryimage\"},\"thumbnailUrl\":\"https:\/\/usispeciale.md\/wp-content\/uploads\/2024\/05\/RF-modular-EW-120.jpeg\",\"datePublished\":\"2024-05-27T16:26:36+00:00\",\"dateModified\":\"2026-03-11T11:58:01+00:00\",\"breadcrumb\":{\"@id\":\"https:\/\/usispeciale.md\/product\/fire-curtain-modular\/#breadcrumb\"},\"inLanguage\":\"en-US\",\"potentialAction\":[{\"@type\":\"ReadAction\",\"target\":[\"https:\/\/usispeciale.md\/product\/fire-curtain-modular\/\"]}]},{\"@type\":\"ImageObject\",\"inLanguage\":\"en-US\",\"@id\":\"https:\/\/usispeciale.md\/product\/fire-curtain-modular\/#primaryimage\",\"url\":\"https:\/\/usispeciale.md\/wp-content\/uploads\/2024\/05\/RF-modular-EW-120.jpeg\",\"contentUrl\":\"https:\/\/usispeciale.md\/wp-content\/uploads\/2024\/05\/RF-modular-EW-120.jpeg\",\"width\":385,\"height\":286},{\"@type\":\"BreadcrumbList\",\"@id\":\"https:\/\/usispeciale.md\/product\/fire-curtain-modular\/#breadcrumb\",\"itemListElement\":[{\"@type\":\"ListItem\",\"position\":1,\"name\":\"Prima pagin\u0103\",\"item\":\"https:\/\/usispeciale.md\/\"},{\"@type\":\"ListItem\",\"position\":2,\"name\":\"Catalog\",\"item\":\"https:\/\/usispeciale.md\/catalog\/\"},{\"@type\":\"ListItem\",\"position\":3,\"name\":\"Cortin\u0103 antifoc modular\u0103 (suprapus\u0103)\"}]},{\"@type\":\"WebSite\",\"@id\":\"https:\/\/usispeciale.md\/#website\",\"url\":\"https:\/\/usispeciale.md\/\",\"name\":\"U\u0218I SPECIALE\",\"description\":\"U\u0219i Speciale\",\"publisher\":{\"@id\":\"https:\/\/usispeciale.md\/#organization\"},\"potentialAction\":[{\"@type\":\"SearchAction\",\"target\":{\"@type\":\"EntryPoint\",\"urlTemplate\":\"https:\/\/usispeciale.md\/?s={search_term_string}\"},\"query-input\":{\"@type\":\"PropertyValueSpecification\",\"valueRequired\":true,\"valueName\":\"search_term_string\"}}],\"inLanguage\":\"en-US\"},{\"@type\":\"Organization\",\"@id\":\"https:\/\/usispeciale.md\/#organization\",\"name\":\"U\u0218I SPECIALE\",\"url\":\"https:\/\/usispeciale.md\/\",\"logo\":{\"@type\":\"ImageObject\",\"inLanguage\":\"en-US\",\"@id\":\"https:\/\/usispeciale.md\/#\/schema\/logo\/image\/\",\"url\":\"https:\/\/usispeciale.md\/wp-content\/uploads\/2026\/03\/Usi-speciale-logo-2023-scaled.png\",\"contentUrl\":\"https:\/\/usispeciale.md\/wp-content\/uploads\/2026\/03\/Usi-speciale-logo-2023-scaled.png\",\"width\":2560,\"height\":670,\"caption\":\"U\u0218I SPECIALE\"},\"image\":{\"@id\":\"https:\/\/usispeciale.md\/#\/schema\/logo\/image\/\"}}]}<\/script>\n<!-- \/ Yoast SEO plugin. -->","yoast_head_json":{"title":"Cortin\u0103 antifoc modular\u0103 (suprapus\u0103) - U\u0219i Speciale","robots":{"index":"index","follow":"follow","max-snippet":"max-snippet:-1","max-image-preview":"max-image-preview:large","max-video-preview":"max-video-preview:-1"},"canonical":"https:\/\/usispeciale.md\/en\/product\/fire-curtain-modular\/","og_locale":"en_US","og_type":"article","og_title":"Cortin\u0103 antifoc modular\u0103 (suprapus\u0103) - U\u0219i Speciale","og_description":"Este o cortin\u0103 antifoc modular\u0103 (suprapus\u0103) care \u00ee\u0219i men\u021bine integritatea atunci c\u00e2nd este expus\u0103 direct fl\u0103c\u0103rilor sau la temperaturi de peste 1000\u00baC timp de 120 de minute, prevenind trecerea fl\u0103c\u0103rilor dintr-un sector \u00een altul. Este un sistem invizibil, conceput pentru a \u00eempiedica propagarea fl\u0103c\u0103rilor \u00eentre sectoare \u0219i pentru a limita r\u0103sp\u00e2ndirea incendiului.","og_url":"https:\/\/usispeciale.md\/en\/product\/fire-curtain-modular\/","og_site_name":"U\u0219i Speciale","article_modified_time":"2026-03-11T11:58:01+00:00","og_image":[{"width":385,"height":286,"url":"https:\/\/usispeciale.md\/wp-content\/uploads\/2024\/05\/RF-modular-EW-120.jpeg","type":"image\/jpeg"}],"twitter_card":"summary_large_image","twitter_misc":{"Est. reading time":"2 minutes"},"schema":{"@context":"https:\/\/schema.org","@graph":[{"@type":"WebPage","@id":"https:\/\/usispeciale.md\/product\/fire-curtain-modular\/","url":"https:\/\/usispeciale.md\/product\/fire-curtain-modular\/","name":"Cortin\u0103 antifoc modular\u0103 (suprapus\u0103) - U\u0219i Speciale","isPartOf":{"@id":"https:\/\/usispeciale.md\/#website"},"primaryImageOfPage":{"@id":"https:\/\/usispeciale.md\/product\/fire-curtain-modular\/#primaryimage"},"image":{"@id":"https:\/\/usispeciale.md\/product\/fire-curtain-modular\/#primaryimage"},"thumbnailUrl":"https:\/\/usispeciale.md\/wp-content\/uploads\/2024\/05\/RF-modular-EW-120.jpeg","datePublished":"2024-05-27T16:26:36+00:00","dateModified":"2026-03-11T11:58:01+00:00","breadcrumb":{"@id":"https:\/\/usispeciale.md\/product\/fire-curtain-modular\/#breadcrumb"},"inLanguage":"en-US","potentialAction":[{"@type":"ReadAction","target":["https:\/\/usispeciale.md\/product\/fire-curtain-modular\/"]}]},{"@type":"ImageObject","inLanguage":"en-US","@id":"https:\/\/usispeciale.md\/product\/fire-curtain-modular\/#primaryimage","url":"https:\/\/usispeciale.md\/wp-content\/uploads\/2024\/05\/RF-modular-EW-120.jpeg","contentUrl":"https:\/\/usispeciale.md\/wp-content\/uploads\/2024\/05\/RF-modular-EW-120.jpeg","width":385,"height":286},{"@type":"BreadcrumbList","@id":"https:\/\/usispeciale.md\/product\/fire-curtain-modular\/#breadcrumb","itemListElement":[{"@type":"ListItem","position":1,"name":"Prima pagin\u0103","item":"https:\/\/usispeciale.md\/"},{"@type":"ListItem","position":2,"name":"Catalog","item":"https:\/\/usispeciale.md\/catalog\/"},{"@type":"ListItem","position":3,"name":"Cortin\u0103 antifoc modular\u0103 (suprapus\u0103)"}]},{"@type":"WebSite","@id":"https:\/\/usispeciale.md\/#website","url":"https:\/\/usispeciale.md\/","name":"U\u0218I SPECIALE","description":"U\u0219i Speciale","publisher":{"@id":"https:\/\/usispeciale.md\/#organization"},"potentialAction":[{"@type":"SearchAction","target":{"@type":"EntryPoint","urlTemplate":"https:\/\/usispeciale.md\/?s={search_term_string}"},"query-input":{"@type":"PropertyValueSpecification","valueRequired":true,"valueName":"search_term_string"}}],"inLanguage":"en-US"},{"@type":"Organization","@id":"https:\/\/usispeciale.md\/#organization","name":"U\u0218I SPECIALE","url":"https:\/\/usispeciale.md\/","logo":{"@type":"ImageObject","inLanguage":"en-US","@id":"https:\/\/usispeciale.md\/#\/schema\/logo\/image\/","url":"https:\/\/usispeciale.md\/wp-content\/uploads\/2026\/03\/Usi-speciale-logo-2023-scaled.png","contentUrl":"https:\/\/usispeciale.md\/wp-content\/uploads\/2026\/03\/Usi-speciale-logo-2023-scaled.png","width":2560,"height":670,"caption":"U\u0218I SPECIALE"},"image":{"@id":"https:\/\/usispeciale.md\/#\/schema\/logo\/image\/"}}]}},"jetpack_sharing_enabled":true,"_links":{"self":[{"href":"https:\/\/usispeciale.md\/en\/wp-json\/wp\/v2\/product\/4562","targetHints":{"allow":["GET"]}}],"collection":[{"href":"https:\/\/usispeciale.md\/en\/wp-json\/wp\/v2\/product"}],"about":[{"href":"https:\/\/usispeciale.md\/en\/wp-json\/wp\/v2\/types\/product"}],"replies":[{"embeddable":true,"href":"https:\/\/usispeciale.md\/en\/wp-json\/wp\/v2\/comments?post=4562"}],"wp:featuredmedia":[{"embeddable":true,"href":"https:\/\/usispeciale.md\/en\/wp-json\/wp\/v2\/media\/4555"}],"wp:attachment":[{"href":"https:\/\/usispeciale.md\/en\/wp-json\/wp\/v2\/media?parent=4562"}],"wp:term":[{"taxonomy":"product_brand","embeddable":true,"href":"https:\/\/usispeciale.md\/en\/wp-json\/wp\/v2\/product_brand?post=4562"},{"taxonomy":"product_cat","embeddable":true,"href":"https:\/\/usispeciale.md\/en\/wp-json\/wp\/v2\/product_cat?post=4562"},{"taxonomy":"product_tag","embeddable":true,"href":"https:\/\/usispeciale.md\/en\/wp-json\/wp\/v2\/product_tag?post=4562"}],"curies":[{"name":"wp","href":"https:\/\/api.w.org\/{rel}","templated":true}]}}