{"id":4562,"date":"2024-05-27T16:26:36","date_gmt":"2024-05-27T16:26:36","guid":{"rendered":"https:\/\/matconstruct.md\/?post_type=product&#038;p=4562"},"modified":"2026-03-11T13:58:01","modified_gmt":"2026-03-11T11:58:01","slug":"fire-curtain-modular","status":"publish","type":"product","link":"https:\/\/usispeciale.md\/ru\/product\/fire-curtain-modular\/","title":{"rendered":"\u041c\u043e\u0434\u0443\u043b\u044c\u043d\u0430\u044f \u043f\u0440\u043e\u0442\u0438\u0432\u043e\u043f\u043e\u0436\u0430\u0440\u043d\u0430\u044f \u0448\u0442\u043e\u0440\u0430 (\u043f\u0435\u0440\u0435\u043a\u0440\u044b\u0432\u0430\u044e\u0449\u0430\u044f\u0441\u044f)."},"content":{"rendered":"<p class=\"p1\"><strong>\u0417\u0430\u0449\u0438\u0442\u043d\u0430\u044f \u0446\u0435\u043b\u044c:<\/strong><\/p>\n<ul class=\"ul1\">\n<li class=\"li2\">\u041f\u0440\u0435\u0434\u043e\u0442\u0432\u0440\u0430\u0449\u0435\u043d\u0438\u0435 \u0440\u0430\u0441\u043f\u0440\u043e\u0441\u0442\u0440\u0430\u043d\u0435\u043d\u0438\u044f \u043f\u043b\u0430\u043c\u0435\u043d\u0438 \u0432 \u0441\u043e\u0441\u0435\u0434\u043d\u0438\u0439 \u0441\u0435\u043a\u0442\u043e\u0440.<\/li>\n<li class=\"li2\">\u041e\u0433\u043d\u0435\u0441\u0442\u043e\u0439\u043a\u043e\u0441\u0442\u044c 120 \u043c\u0438\u043d\u0443\u0442 \u043f\u0440\u0438 \u0442\u0435\u043c\u043f\u0435\u0440\u0430\u0442\u0443\u0440\u0435 \u0441\u0432\u044b\u0448\u0435 1000\u00baC (\u0426\u0435\u043b\u043e\u0441\u0442\u043d\u043e\u0441\u0442\u044c).<\/li>\n<li class=\"li2\">\u0421\u043d\u0438\u0436\u0435\u043d\u0438\u0435 \u0442\u0435\u043f\u043b\u043e\u0432\u043e\u0433\u043e \u0438\u0437\u043b\u0443\u0447\u0435\u043d\u0438\u044f \u0432 \u0442\u0435\u0447\u0435\u043d\u0438\u0435 30 \u043c\u0438\u043d\u0443\u0442.<\/li>\n<li class=\"li2\">\u0411\u043e\u043b\u044c\u0448\u0438\u0435 \u0440\u0430\u0437\u043c\u0435\u0440\u044b, \u043d\u0435\u043e\u0433\u0440\u0430\u043d\u0438\u0447\u0435\u043d\u043d\u0430\u044f \u0434\u043b\u0438\u043d\u0430 \u0438 \u0434\u043e 10 000 \u043c\u043c \u043f\u043e \u0432\u044b\u0441\u043e\u0442\u0435.<\/li>\n<\/ul>\n<p class=\"p1\"><strong>\u0425\u0430\u0440\u0430\u043a\u0442\u0435\u0440\u0438\u0441\u0442\u0438\u043a\u0438:<\/strong><\/p>\n<ul class=\"ul1\">\n<li class=\"li2\">\u0421\u0438\u0441\u0442\u0435\u043c\u0430 \u0438\u0437\u0433\u043e\u0442\u043e\u0432\u043b\u0435\u043d\u0430 \u0438\u0437 \u0442\u0435\u0445\u043d\u0438\u0447\u0435\u0441\u043a\u043e\u0433\u043e \u043c\u0430\u0442\u0435\u0440\u0438\u0430\u043b\u0430, \u043f\u0440\u043e\u0438\u0437\u0432\u0435\u0434\u0451\u043d\u043d\u043e\u0433\u043e \u0438\u0437 \u0441\u0442\u0435\u043a\u043b\u043e\u0432\u043e\u043b\u043e\u043a\u043d\u0430 \u043a\u043b\u0430\u0441\u0441\u0430 E, \u0430\u0440\u043c\u0438\u0440\u043e\u0432\u0430\u043d\u043d\u043e\u0433\u043e \u0441\u0442\u0430\u043b\u044c\u044e Inconel \u0438 \u043f\u043e\u043a\u0440\u044b\u0442\u043e\u0433\u043e \u0441 \u043e\u0431\u0435\u0438\u0445 \u0441\u0442\u043e\u0440\u043e\u043d \u043e\u0433\u043d\u0435\u0441\u0442\u043e\u0439\u043a\u0438\u043c \u043f\u043e\u043b\u0438\u0443\u0440\u0435\u0442\u0430\u043d\u043e\u0432\u044b\u043c \u0441\u043e\u0441\u0442\u0430\u0432\u043e\u043c.<\/li>\n<\/ul>\n<p class=\"p1\"><strong>\u041e\u043f\u0446\u0438\u043e\u043d\u0430\u043b\u044c\u043d\u043e:<\/strong><\/p>\n<ul class=\"ul1\">\n<li class=\"li2\">\u0426\u0432\u0435\u0442 RAL \u043f\u043e \u0432\u044b\u0431\u043e\u0440\u0443.<\/li>\n<li class=\"li2\">\u041a\u043d\u043e\u043f\u043a\u0438 \u0434\u043b\u044f \u0437\u0430\u043a\u0440\u044b\u0442\u0438\u044f \u0438 \u043e\u0442\u043a\u0440\u044b\u0442\u0438\u044f.<\/li>\n<\/ul>\n<p class=\"p1\"><strong>\u041f\u0440\u0435\u0438\u043c\u0443\u0449\u0435\u0441\u0442\u0432\u0430:<\/strong><\/p>\n<ul class=\"ul1\">\n<li class=\"li2\">\u041f\u0440\u0435\u0434\u0432\u0430\u0440\u0438\u0442\u0435\u043b\u044c\u043d\u043e \u0441\u043e\u0431\u0440\u0430\u043d\u043d\u044b\u0435 \u0441\u0438\u0441\u0442\u0435\u043c\u044b.<\/li>\n<li class=\"li2\">\u041c\u043e\u0434\u0443\u043b\u044c\u043d\u0430\u044f \u043a\u043e\u043d\u0444\u0438\u0433\u0443\u0440\u0430\u0446\u0438\u044f \u0441\u043e \u0441\u0442\u0430\u043d\u0434\u0430\u0440\u0442\u0438\u0437\u0438\u0440\u043e\u0432\u0430\u043d\u043d\u044b\u043c\u0438 \u043a\u043e\u043c\u043f\u043e\u043d\u0435\u043d\u0442\u0430\u043c\u0438.<\/li>\n<\/ul>\n<p class=\"p1\"><strong>\u0422\u0435\u0445\u043d\u0438\u0447\u0435\u0441\u043a\u0430\u044f \u0441\u0445\u0435\u043c\u0430:<\/strong><\/p>\n<p class=\"p2\">\u041f\u0440\u043e\u0442\u0438\u0432\u043e\u043f\u043e\u0436\u0430\u0440\u043d\u0430\u044f \u0448\u0442\u043e\u0440\u0430 \u0443\u0441\u0442\u0430\u043d\u0430\u0432\u043b\u0438\u0432\u0430\u0435\u0442\u0441\u044f \u0434\u043b\u044f \u043e\u0431\u0435\u0441\u043f\u0435\u0447\u0435\u043d\u0438\u044f \u0446\u0435\u043b\u043e\u0441\u0442\u043d\u043e\u0441\u0442\u0438 \u043f\u0440\u0438 \u0432\u043e\u0437\u0434\u0435\u0439\u0441\u0442\u0432\u0438\u0438 \u043f\u043b\u0430\u043c\u0435\u043d\u0438. \u0421\u043b\u0435\u0434\u0443\u0435\u0442 \u0443\u0447\u0438\u0442\u044b\u0432\u0430\u0442\u044c, \u0447\u0442\u043e \u0432 \u0441\u043b\u0443\u0447\u0430\u0435 \u0440\u0430\u0437\u0432\u0438\u0442\u043e\u0433\u043e \u043f\u043e\u0436\u0430\u0440\u0430 \u043f\u043e\u0441\u043b\u0435 30 \u043c\u0438\u043d\u0443\u0442 (\u043a\u043b\u0430\u0441\u0441\u0438\u0444\u0438\u043a\u0430\u0446\u0438\u044f EW-30) \u044d\u043b\u0435\u043c\u0435\u043d\u0442\u044b \u0432 \u0441\u043e\u0441\u0435\u0434\u043d\u0435\u043c \u0441\u0435\u043a\u0442\u043e\u0440\u0435 \u043c\u043e\u0433\u0443\u0442 \u0431\u044b\u0442\u044c \u043f\u043e\u0434\u0432\u0435\u0440\u0436\u0435\u043d\u044b \u0432\u043e\u0437\u0434\u0435\u0439\u0441\u0442\u0432\u0438\u044e \u0438\u0437\u043b\u0443\u0447\u0430\u0435\u043c\u043e\u0439 \u0442\u0435\u043f\u043b\u043e\u0432\u043e\u0439 \u0440\u0430\u0434\u0438\u0430\u0446\u0438\u0438.<\/p>\n<p class=\"p2\">\u042d\u0442\u0438 \u0441\u0438\u0441\u0442\u0435\u043c\u044b \u043e\u0441\u043e\u0431\u0435\u043d\u043d\u043e \u043f\u043e\u0434\u0445\u043e\u0434\u044f\u0442 \u0434\u043b\u044f \u043d\u0430\u0440\u0443\u0436\u043d\u044b\u0445 \u0437\u043e\u043d \u0438\u043b\u0438 \u0434\u043b\u044f \u043f\u043e\u043c\u0435\u0449\u0435\u043d\u0438\u0439, \u0433\u0434\u0435 \u0440\u044f\u0434\u043e\u043c \u0441 \u043d\u0435\u044d\u043a\u0441\u043f\u043e\u043d\u0438\u0440\u043e\u0432\u0430\u043d\u043d\u043e\u0439 \u0441\u0442\u043e\u0440\u043e\u043d\u043e\u0439 \u043e\u0442\u0441\u0443\u0442\u0441\u0442\u0432\u0443\u044e\u0442 \u0432\u043e\u0441\u043f\u043b\u0430\u043c\u0435\u043d\u044f\u044e\u0449\u0438\u0435\u0441\u044f \u044d\u043b\u0435\u043c\u0435\u043d\u0442\u044b.<\/p>\n<p class=\"p1\"><strong>\u0412\u0430\u0440\u0438\u0430\u043d\u0442\u044b \u043a\u043e\u0440\u043e\u0431\u0430 (drawer):<\/strong><\/p>\n<ul class=\"ul1\">\n<li class=\"li2\">CDV: \u0432\u0435\u0440\u0442\u0438\u043a\u0430\u043b\u044c\u043d\u044b\u0439 \u043a\u043e\u0440\u043e\u0431 \u0441 \u0444\u0440\u043e\u043d\u0442\u0430\u043b\u044c\u043d\u044b\u043c \u0438 \u043d\u0438\u0436\u043d\u0438\u043c \u043e\u0442\u043a\u0440\u044b\u0442\u0438\u0435\u043c.<\/li>\n<li class=\"li2\">CDH: \u0433\u043e\u0440\u0438\u0437\u043e\u043d\u0442\u0430\u043b\u044c\u043d\u044b\u0439 \u043a\u043e\u0440\u043e\u0431 \u0441 \u043d\u0438\u0436\u043d\u0438\u043c \u043e\u0442\u043a\u0440\u044b\u0442\u0438\u0435\u043c.<\/li>\n<li class=\"li2\">CDVF: \u0432\u0435\u0440\u0442\u0438\u043a\u0430\u043b\u044c\u043d\u044b\u0439 \u043a\u043e\u0440\u043e\u0431 \u0441 \u043e\u0431\u0440\u0430\u0442\u043d\u044b\u043c \u0444\u0440\u043e\u043d\u0442\u0430\u043b\u044c\u043d\u044b\u043c \u043e\u0442\u043a\u0440\u044b\u0442\u0438\u0435\u043c \u0438 \u043d\u0438\u0436\u043d\u0438\u043c \u043e\u0442\u043a\u0440\u044b\u0442\u0438\u0435\u043c.<\/li>\n<\/ul>","protected":false},"excerpt":{"rendered":"<p>\u042d\u0442\u043e \u043c\u043e\u0434\u0443\u043b\u044c\u043d\u0430\u044f \u043f\u0440\u043e\u0442\u0438\u0432\u043e\u043f\u043e\u0436\u0430\u0440\u043d\u0430\u044f \u0448\u0442\u043e\u0440\u0430 (\u043f\u0435\u0440\u0435\u043a\u0440\u044b\u0432\u0430\u044e\u0449\u0435\u0433\u043e\u0441\u044f \u0442\u0438\u043f\u0430), \u043a\u043e\u0442\u043e\u0440\u0430\u044f \u0441\u043e\u0445\u0440\u0430\u043d\u044f\u0435\u0442 \u0446\u0435\u043b\u043e\u0441\u0442\u043d\u043e\u0441\u0442\u044c \u043f\u0440\u0438 \u043f\u0440\u044f\u043c\u043e\u043c \u0432\u043e\u0437\u0434\u0435\u0439\u0441\u0442\u0432\u0438\u0438 \u043f\u043b\u0430\u043c\u0435\u043d\u0438 \u0438\u043b\u0438 \u0442\u0435\u043c\u043f\u0435\u0440\u0430\u0442\u0443\u0440 \u0441\u0432\u044b\u0448\u0435 1000\u00baC \u0432 \u0442\u0435\u0447\u0435\u043d\u0438\u0435 120 \u043c\u0438\u043d\u0443\u0442, \u043f\u0440\u0435\u0434\u043e\u0442\u0432\u0440\u0430\u0449\u0430\u044f \u043f\u0435\u0440\u0435\u0445\u043e\u0434 \u043f\u043b\u0430\u043c\u0435\u043d\u0438 \u0438\u0437 \u043e\u0434\u043d\u043e\u0433\u043e \u0441\u0435\u043a\u0442\u043e\u0440\u0430 \u0432 \u0434\u0440\u0443\u0433\u043e\u0439. \u042d\u0442\u043e \u0441\u043a\u0440\u044b\u0442\u0430\u044f \u0441\u0438\u0441\u0442\u0435\u043c\u0430, \u043f\u0440\u0435\u0434\u043d\u0430\u0437\u043d\u0430\u0447\u0435\u043d\u043d\u0430\u044f \u0434\u043b\u044f \u043f\u0440\u0435\u0434\u043e\u0442\u0432\u0440\u0430\u0449\u0435\u043d\u0438\u044f \u0440\u0430\u0441\u043f\u0440\u043e\u0441\u0442\u0440\u0430\u043d\u0435\u043d\u0438\u044f \u043f\u043b\u0430\u043c\u0435\u043d\u0438 \u043c\u0435\u0436\u0434\u0443 \u0441\u0435\u043a\u0442\u043e\u0440\u0430\u043c\u0438 \u0438 \u043e\u0433\u0440\u0430\u043d\u0438\u0447\u0435\u043d\u0438\u044f \u0440\u0430\u0441\u043f\u0440\u043e\u0441\u0442\u0440\u0430\u043d\u0435\u043d\u0438\u044f \u043f\u043e\u0436\u0430\u0440\u0430.<\/p>","protected":false},"featured_media":4555,"comment_status":"open","ping_status":"closed","template":"","meta":[],"product_brand":[],"product_cat":[196],"product_tag":[],"class_list":{"0":"post-4562","1":"product","2":"type-product","3":"status-publish","4":"has-post-thumbnail","6":"product_cat-cortine","8":"first","9":"instock","10":"shipping-taxable","11":"product-type-simple"},"yoast_head":"<!-- This site is optimized with the Yoast SEO plugin v27.1.1 - https:\/\/yoast.com\/product\/yoast-seo-wordpress\/ -->\n<title>Cortin\u0103 antifoc modular\u0103 (suprapus\u0103) - U\u0219i Speciale<\/title>\n<meta name=\"robots\" content=\"index, follow, max-snippet:-1, max-image-preview:large, max-video-preview:-1\" \/>\n<link rel=\"canonical\" href=\"https:\/\/usispeciale.md\/ru\/product\/fire-curtain-modular\/\" \/>\n<meta property=\"og:locale\" content=\"ru_RU\" \/>\n<meta property=\"og:type\" content=\"article\" \/>\n<meta property=\"og:title\" content=\"Cortin\u0103 antifoc modular\u0103 (suprapus\u0103) - U\u0219i Speciale\" \/>\n<meta property=\"og:description\" content=\"Este o cortin\u0103 antifoc modular\u0103 (suprapus\u0103) care \u00ee\u0219i men\u021bine integritatea atunci c\u00e2nd este expus\u0103 direct fl\u0103c\u0103rilor sau la temperaturi de peste 1000\u00baC timp de 120 de minute, prevenind trecerea fl\u0103c\u0103rilor dintr-un sector \u00een altul. Este un sistem invizibil, conceput pentru a \u00eempiedica propagarea fl\u0103c\u0103rilor \u00eentre sectoare \u0219i pentru a limita r\u0103sp\u00e2ndirea incendiului.\" \/>\n<meta property=\"og:url\" content=\"https:\/\/usispeciale.md\/ru\/product\/fire-curtain-modular\/\" \/>\n<meta property=\"og:site_name\" content=\"U\u0219i Speciale\" \/>\n<meta property=\"article:modified_time\" content=\"2026-03-11T11:58:01+00:00\" \/>\n<meta property=\"og:image\" content=\"https:\/\/usispeciale.md\/wp-content\/uploads\/2024\/05\/RF-modular-EW-120.jpeg\" \/>\n\t<meta property=\"og:image:width\" content=\"385\" \/>\n\t<meta property=\"og:image:height\" content=\"286\" \/>\n\t<meta property=\"og:image:type\" content=\"image\/jpeg\" \/>\n<meta name=\"twitter:card\" content=\"summary_large_image\" \/>\n<meta name=\"twitter:label1\" content=\"\u041f\u0440\u0438\u043c\u0435\u0440\u043d\u043e\u0435 \u0432\u0440\u0435\u043c\u044f \u0434\u043b\u044f \u0447\u0442\u0435\u043d\u0438\u044f\" \/>\n\t<meta name=\"twitter:data1\" content=\"2 \u043c\u0438\u043d\u0443\u0442\u044b\" \/>\n<script type=\"application\/ld+json\" class=\"yoast-schema-graph\">{\"@context\":\"https:\/\/schema.org\",\"@graph\":[{\"@type\":\"WebPage\",\"@id\":\"https:\/\/usispeciale.md\/product\/fire-curtain-modular\/\",\"url\":\"https:\/\/usispeciale.md\/product\/fire-curtain-modular\/\",\"name\":\"Cortin\u0103 antifoc modular\u0103 (suprapus\u0103) - U\u0219i Speciale\",\"isPartOf\":{\"@id\":\"https:\/\/usispeciale.md\/#website\"},\"primaryImageOfPage\":{\"@id\":\"https:\/\/usispeciale.md\/product\/fire-curtain-modular\/#primaryimage\"},\"image\":{\"@id\":\"https:\/\/usispeciale.md\/product\/fire-curtain-modular\/#primaryimage\"},\"thumbnailUrl\":\"https:\/\/usispeciale.md\/wp-content\/uploads\/2024\/05\/RF-modular-EW-120.jpeg\",\"datePublished\":\"2024-05-27T16:26:36+00:00\",\"dateModified\":\"2026-03-11T11:58:01+00:00\",\"breadcrumb\":{\"@id\":\"https:\/\/usispeciale.md\/product\/fire-curtain-modular\/#breadcrumb\"},\"inLanguage\":\"ru-RU\",\"potentialAction\":[{\"@type\":\"ReadAction\",\"target\":[\"https:\/\/usispeciale.md\/product\/fire-curtain-modular\/\"]}]},{\"@type\":\"ImageObject\",\"inLanguage\":\"ru-RU\",\"@id\":\"https:\/\/usispeciale.md\/product\/fire-curtain-modular\/#primaryimage\",\"url\":\"https:\/\/usispeciale.md\/wp-content\/uploads\/2024\/05\/RF-modular-EW-120.jpeg\",\"contentUrl\":\"https:\/\/usispeciale.md\/wp-content\/uploads\/2024\/05\/RF-modular-EW-120.jpeg\",\"width\":385,\"height\":286},{\"@type\":\"BreadcrumbList\",\"@id\":\"https:\/\/usispeciale.md\/product\/fire-curtain-modular\/#breadcrumb\",\"itemListElement\":[{\"@type\":\"ListItem\",\"position\":1,\"name\":\"Prima pagin\u0103\",\"item\":\"https:\/\/usispeciale.md\/\"},{\"@type\":\"ListItem\",\"position\":2,\"name\":\"Catalog\",\"item\":\"https:\/\/usispeciale.md\/catalog\/\"},{\"@type\":\"ListItem\",\"position\":3,\"name\":\"Cortin\u0103 antifoc modular\u0103 (suprapus\u0103)\"}]},{\"@type\":\"WebSite\",\"@id\":\"https:\/\/usispeciale.md\/#website\",\"url\":\"https:\/\/usispeciale.md\/\",\"name\":\"U\u0218I SPECIALE\",\"description\":\"U\u0219i Speciale\",\"publisher\":{\"@id\":\"https:\/\/usispeciale.md\/#organization\"},\"potentialAction\":[{\"@type\":\"SearchAction\",\"target\":{\"@type\":\"EntryPoint\",\"urlTemplate\":\"https:\/\/usispeciale.md\/?s={search_term_string}\"},\"query-input\":{\"@type\":\"PropertyValueSpecification\",\"valueRequired\":true,\"valueName\":\"search_term_string\"}}],\"inLanguage\":\"ru-RU\"},{\"@type\":\"Organization\",\"@id\":\"https:\/\/usispeciale.md\/#organization\",\"name\":\"U\u0218I SPECIALE\",\"url\":\"https:\/\/usispeciale.md\/\",\"logo\":{\"@type\":\"ImageObject\",\"inLanguage\":\"ru-RU\",\"@id\":\"https:\/\/usispeciale.md\/#\/schema\/logo\/image\/\",\"url\":\"https:\/\/usispeciale.md\/wp-content\/uploads\/2026\/03\/Usi-speciale-logo-2023-scaled.png\",\"contentUrl\":\"https:\/\/usispeciale.md\/wp-content\/uploads\/2026\/03\/Usi-speciale-logo-2023-scaled.png\",\"width\":2560,\"height\":670,\"caption\":\"U\u0218I SPECIALE\"},\"image\":{\"@id\":\"https:\/\/usispeciale.md\/#\/schema\/logo\/image\/\"}}]}<\/script>\n<!-- \/ Yoast SEO plugin. -->","yoast_head_json":{"title":"Cortin\u0103 antifoc modular\u0103 (suprapus\u0103) - U\u0219i Speciale","robots":{"index":"index","follow":"follow","max-snippet":"max-snippet:-1","max-image-preview":"max-image-preview:large","max-video-preview":"max-video-preview:-1"},"canonical":"https:\/\/usispeciale.md\/ru\/product\/fire-curtain-modular\/","og_locale":"ru_RU","og_type":"article","og_title":"Cortin\u0103 antifoc modular\u0103 (suprapus\u0103) - U\u0219i Speciale","og_description":"Este o cortin\u0103 antifoc modular\u0103 (suprapus\u0103) care \u00ee\u0219i men\u021bine integritatea atunci c\u00e2nd este expus\u0103 direct fl\u0103c\u0103rilor sau la temperaturi de peste 1000\u00baC timp de 120 de minute, prevenind trecerea fl\u0103c\u0103rilor dintr-un sector \u00een altul. Este un sistem invizibil, conceput pentru a \u00eempiedica propagarea fl\u0103c\u0103rilor \u00eentre sectoare \u0219i pentru a limita r\u0103sp\u00e2ndirea incendiului.","og_url":"https:\/\/usispeciale.md\/ru\/product\/fire-curtain-modular\/","og_site_name":"U\u0219i Speciale","article_modified_time":"2026-03-11T11:58:01+00:00","og_image":[{"width":385,"height":286,"url":"https:\/\/usispeciale.md\/wp-content\/uploads\/2024\/05\/RF-modular-EW-120.jpeg","type":"image\/jpeg"}],"twitter_card":"summary_large_image","twitter_misc":{"\u041f\u0440\u0438\u043c\u0435\u0440\u043d\u043e\u0435 \u0432\u0440\u0435\u043c\u044f \u0434\u043b\u044f \u0447\u0442\u0435\u043d\u0438\u044f":"2 \u043c\u0438\u043d\u0443\u0442\u044b"},"schema":{"@context":"https:\/\/schema.org","@graph":[{"@type":"WebPage","@id":"https:\/\/usispeciale.md\/product\/fire-curtain-modular\/","url":"https:\/\/usispeciale.md\/product\/fire-curtain-modular\/","name":"Cortin\u0103 antifoc modular\u0103 (suprapus\u0103) - U\u0219i Speciale","isPartOf":{"@id":"https:\/\/usispeciale.md\/#website"},"primaryImageOfPage":{"@id":"https:\/\/usispeciale.md\/product\/fire-curtain-modular\/#primaryimage"},"image":{"@id":"https:\/\/usispeciale.md\/product\/fire-curtain-modular\/#primaryimage"},"thumbnailUrl":"https:\/\/usispeciale.md\/wp-content\/uploads\/2024\/05\/RF-modular-EW-120.jpeg","datePublished":"2024-05-27T16:26:36+00:00","dateModified":"2026-03-11T11:58:01+00:00","breadcrumb":{"@id":"https:\/\/usispeciale.md\/product\/fire-curtain-modular\/#breadcrumb"},"inLanguage":"ru-RU","potentialAction":[{"@type":"ReadAction","target":["https:\/\/usispeciale.md\/product\/fire-curtain-modular\/"]}]},{"@type":"ImageObject","inLanguage":"ru-RU","@id":"https:\/\/usispeciale.md\/product\/fire-curtain-modular\/#primaryimage","url":"https:\/\/usispeciale.md\/wp-content\/uploads\/2024\/05\/RF-modular-EW-120.jpeg","contentUrl":"https:\/\/usispeciale.md\/wp-content\/uploads\/2024\/05\/RF-modular-EW-120.jpeg","width":385,"height":286},{"@type":"BreadcrumbList","@id":"https:\/\/usispeciale.md\/product\/fire-curtain-modular\/#breadcrumb","itemListElement":[{"@type":"ListItem","position":1,"name":"Prima pagin\u0103","item":"https:\/\/usispeciale.md\/"},{"@type":"ListItem","position":2,"name":"Catalog","item":"https:\/\/usispeciale.md\/catalog\/"},{"@type":"ListItem","position":3,"name":"Cortin\u0103 antifoc modular\u0103 (suprapus\u0103)"}]},{"@type":"WebSite","@id":"https:\/\/usispeciale.md\/#website","url":"https:\/\/usispeciale.md\/","name":"U\u0218I SPECIALE","description":"U\u0219i Speciale","publisher":{"@id":"https:\/\/usispeciale.md\/#organization"},"potentialAction":[{"@type":"SearchAction","target":{"@type":"EntryPoint","urlTemplate":"https:\/\/usispeciale.md\/?s={search_term_string}"},"query-input":{"@type":"PropertyValueSpecification","valueRequired":true,"valueName":"search_term_string"}}],"inLanguage":"ru-RU"},{"@type":"Organization","@id":"https:\/\/usispeciale.md\/#organization","name":"U\u0218I SPECIALE","url":"https:\/\/usispeciale.md\/","logo":{"@type":"ImageObject","inLanguage":"ru-RU","@id":"https:\/\/usispeciale.md\/#\/schema\/logo\/image\/","url":"https:\/\/usispeciale.md\/wp-content\/uploads\/2026\/03\/Usi-speciale-logo-2023-scaled.png","contentUrl":"https:\/\/usispeciale.md\/wp-content\/uploads\/2026\/03\/Usi-speciale-logo-2023-scaled.png","width":2560,"height":670,"caption":"U\u0218I SPECIALE"},"image":{"@id":"https:\/\/usispeciale.md\/#\/schema\/logo\/image\/"}}]}},"jetpack_sharing_enabled":true,"_links":{"self":[{"href":"https:\/\/usispeciale.md\/ru\/wp-json\/wp\/v2\/product\/4562","targetHints":{"allow":["GET"]}}],"collection":[{"href":"https:\/\/usispeciale.md\/ru\/wp-json\/wp\/v2\/product"}],"about":[{"href":"https:\/\/usispeciale.md\/ru\/wp-json\/wp\/v2\/types\/product"}],"replies":[{"embeddable":true,"href":"https:\/\/usispeciale.md\/ru\/wp-json\/wp\/v2\/comments?post=4562"}],"wp:featuredmedia":[{"embeddable":true,"href":"https:\/\/usispeciale.md\/ru\/wp-json\/wp\/v2\/media\/4555"}],"wp:attachment":[{"href":"https:\/\/usispeciale.md\/ru\/wp-json\/wp\/v2\/media?parent=4562"}],"wp:term":[{"taxonomy":"product_brand","embeddable":true,"href":"https:\/\/usispeciale.md\/ru\/wp-json\/wp\/v2\/product_brand?post=4562"},{"taxonomy":"product_cat","embeddable":true,"href":"https:\/\/usispeciale.md\/ru\/wp-json\/wp\/v2\/product_cat?post=4562"},{"taxonomy":"product_tag","embeddable":true,"href":"https:\/\/usispeciale.md\/ru\/wp-json\/wp\/v2\/product_tag?post=4562"}],"curies":[{"name":"wp","href":"https:\/\/api.w.org\/{rel}","templated":true}]}}